{"id":476,"date":"2024-02-04T17:52:50","date_gmt":"2024-02-04T16:52:50","guid":{"rendered":"https:\/\/miprimeraletra.com\/?page_id=476"},"modified":"2024-06-07T12:14:51","modified_gmt":"2024-06-07T10:14:51","slug":"colaboraciones","status":"publish","type":"page","link":"https:\/\/miprimeraletra.com\/?page_id=476","title":{"rendered":"colaboraciones"},"content":{"rendered":"\t\t<div data-elementor-type=\"wp-page\" data-elementor-id=\"476\" class=\"elementor elementor-476\" data-elementor-post-type=\"page\">\n\t\t\t\t<div class=\"elementor-element elementor-element-f3ec49a e-flex e-con-boxed e-con e-parent\" data-id=\"f3ec49a\" data-element_type=\"container\" data-e-type=\"container\">\n\t\t\t\t\t<div class=\"e-con-inner\">\n\t\t\t\t<div class=\"elementor-element elementor-element-8aea2e3 elementor-widget elementor-widget-spacer\" data-id=\"8aea2e3\" data-element_type=\"widget\" data-e-type=\"widget\" data-widget_type=\"spacer.default\">\n\t\t\t\t<div class=\"elementor-widget-container\">\n\t\t\t\t\t\t\t<div class=\"elementor-spacer\">\n\t\t\t<div class=\"elementor-spacer-inner\"><\/div>\n\t\t<\/div>\n\t\t\t\t\t\t<\/div>\n\t\t\t\t<\/div>\n\t\t\t\t\t<\/div>\n\t\t\t\t<\/div>\n\t\t<div class=\"elementor-element elementor-element-6504ad0 e-flex e-con-boxed e-con e-parent\" data-id=\"6504ad0\" data-element_type=\"container\" data-e-type=\"container\">\n\t\t\t\t\t<div class=\"e-con-inner\">\n\t\t<div class=\"elementor-element elementor-element-3abecc3 e-con-full e-flex e-con e-child\" data-id=\"3abecc3\" data-element_type=\"container\" data-e-type=\"container\">\n\t\t\t\t<div class=\"elementor-element elementor-element-9b6e82f elementor-widget elementor-widget-heading\" data-id=\"9b6e82f\" data-element_type=\"widget\" data-e-type=\"widget\" data-widget_type=\"heading.default\">\n\t\t\t\t<div class=\"elementor-widget-container\">\n\t\t\t\t\t<h2 class=\"elementor-heading-title elementor-size-default\">Empresas y organizaciones<\/h2>\t\t\t\t<\/div>\n\t\t\t\t<\/div>\n\t\t\t\t<\/div>\n\t\t<div class=\"elementor-element elementor-element-43f24d3 e-con-full e-flex e-con e-child\" data-id=\"43f24d3\" data-element_type=\"container\" data-e-type=\"container\">\n\t\t\t\t<div class=\"elementor-element elementor-element-3189d5e elementor-hidden-mobile elementor-widget elementor-widget-spacer\" data-id=\"3189d5e\" data-element_type=\"widget\" data-e-type=\"widget\" data-widget_type=\"spacer.default\">\n\t\t\t\t<div class=\"elementor-widget-container\">\n\t\t\t\t\t\t\t<div class=\"elementor-spacer\">\n\t\t\t<div class=\"elementor-spacer-inner\"><\/div>\n\t\t<\/div>\n\t\t\t\t\t\t<\/div>\n\t\t\t\t<\/div>\n\t\t\t\t<div class=\"elementor-element elementor-element-bcf98d8 elementor-widget elementor-widget-text-editor\" data-id=\"bcf98d8\" data-element_type=\"widget\" data-e-type=\"widget\" data-widget_type=\"text-editor.default\">\n\t\t\t\t<div class=\"elementor-widget-container\">\n\t\t\t\t\t\t\t\t\t<p>Este proyecto no hubiera sido posible sin la ayuda de todas las empresas y organizaciones que de manera desinteresada han ayudado a financiar esta bonita iniciativa.<\/p>\t\t\t\t\t\t\t\t<\/div>\n\t\t\t\t<\/div>\n\t\t\t\t<\/div>\n\t\t\t\t\t<\/div>\n\t\t\t\t<\/div>\n\t\t<div class=\"elementor-element elementor-element-3b39fb9 e-flex e-con-boxed e-con e-parent\" data-id=\"3b39fb9\" data-element_type=\"container\" data-e-type=\"container\">\n\t\t\t\t\t<div class=\"e-con-inner\">\n\t\t<div class=\"elementor-element elementor-element-f47f7d9 e-con-full e-flex e-con e-child\" data-id=\"f47f7d9\" data-element_type=\"container\" data-e-type=\"container\">\n\t\t\t\t<div class=\"elementor-element elementor-element-1e04929 elementor-widget elementor-widget-image\" data-id=\"1e04929\" data-element_type=\"widget\" data-e-type=\"widget\" data-widget_type=\"image.default\">\n\t\t\t\t<div class=\"elementor-widget-container\">\n\t\t\t\t\t\t\t\t\t\t\t\t\t\t\t\t<a href=\"https:\/\/califavejer.com\/\" target=\"_blank\">\n\t\t\t\t\t\t\t<img fetchpriority=\"high\" decoding=\"async\" width=\"900\" height=\"900\" src=\"https:\/\/miprimeraletra.com\/wp-content\/uploads\/2024\/05\/calofa-2-1024x1024.png\" class=\"attachment-large size-large wp-image-1039\" alt=\"califa\" srcset=\"https:\/\/miprimeraletra.com\/wp-content\/uploads\/2024\/05\/calofa-2-1024x1024.png 1024w, https:\/\/miprimeraletra.com\/wp-content\/uploads\/2024\/05\/calofa-2-300x300.png 300w, https:\/\/miprimeraletra.com\/wp-content\/uploads\/2024\/05\/calofa-2-150x150.png 150w\" sizes=\"(max-width: 900px) 100vw, 900px\" \/>\t\t\t\t\t\t\t\t<\/a>\n\t\t\t\t\t\t\t\t\t\t\t\t\t\t\t<\/div>\n\t\t\t\t<\/div>\n\t\t\t\t<\/div>\n\t\t<div class=\"elementor-element elementor-element-0648819 e-con-full e-flex e-con e-child\" data-id=\"0648819\" data-element_type=\"container\" data-e-type=\"container\">\n\t\t\t\t<div class=\"elementor-element elementor-element-8cb5b86 elementor-hidden-mobile elementor-widget elementor-widget-spacer\" data-id=\"8cb5b86\" data-element_type=\"widget\" data-e-type=\"widget\" data-widget_type=\"spacer.default\">\n\t\t\t\t<div class=\"elementor-widget-container\">\n\t\t\t\t\t\t\t<div class=\"elementor-spacer\">\n\t\t\t<div class=\"elementor-spacer-inner\"><\/div>\n\t\t<\/div>\n\t\t\t\t\t\t<\/div>\n\t\t\t\t<\/div>\n\t\t\t\t<div class=\"elementor-element elementor-element-7b2dc66 elementor-widget elementor-widget-image\" data-id=\"7b2dc66\" data-element_type=\"widget\" data-e-type=\"widget\" data-widget_type=\"image.default\">\n\t\t\t\t<div class=\"elementor-widget-container\">\n\t\t\t\t\t\t\t\t\t\t\t\t\t\t\t<img decoding=\"async\" width=\"337\" height=\"133\" src=\"https:\/\/miprimeraletra.com\/wp-content\/uploads\/2024\/05\/talisman.png\" class=\"attachment-large size-large wp-image-1042\" alt=\"\" srcset=\"https:\/\/miprimeraletra.com\/wp-content\/uploads\/2024\/05\/talisman.png 337w, https:\/\/miprimeraletra.com\/wp-content\/uploads\/2024\/05\/talisman-300x118.png 300w\" sizes=\"(max-width: 337px) 100vw, 337px\" \/>\t\t\t\t\t\t\t\t\t\t\t\t\t\t\t<\/div>\n\t\t\t\t<\/div>\n\t\t\t\t<\/div>\n\t\t<div class=\"elementor-element elementor-element-b365a48 e-con-full e-flex e-con e-child\" data-id=\"b365a48\" data-element_type=\"container\" data-e-type=\"container\">\n\t\t\t\t<div class=\"elementor-element elementor-element-7b18463 elementor-widget elementor-widget-image\" data-id=\"7b18463\" data-element_type=\"widget\" data-e-type=\"widget\" data-widget_type=\"image.default\">\n\t\t\t\t<div class=\"elementor-widget-container\">\n\t\t\t\t\t\t\t\t\t\t\t\t\t\t\t\t<a href=\"https:\/\/www.tanganatarifa.com\/\" target=\"_blank\">\n\t\t\t\t\t\t\t<img decoding=\"async\" width=\"900\" height=\"900\" src=\"https:\/\/miprimeraletra.com\/wp-content\/uploads\/2024\/05\/TANGANA-OLIVER.png\" class=\"attachment-large size-large wp-image-1040\" alt=\"TANGANA OLIVER\" srcset=\"https:\/\/miprimeraletra.com\/wp-content\/uploads\/2024\/05\/TANGANA-OLIVER.png 1024w, https:\/\/miprimeraletra.com\/wp-content\/uploads\/2024\/05\/TANGANA-OLIVER-300x300.png 300w, https:\/\/miprimeraletra.com\/wp-content\/uploads\/2024\/05\/TANGANA-OLIVER-150x150.png 150w\" sizes=\"(max-width: 900px) 100vw, 900px\" \/>\t\t\t\t\t\t\t\t<\/a>\n\t\t\t\t\t\t\t\t\t\t\t\t\t\t\t<\/div>\n\t\t\t\t<\/div>\n\t\t\t\t<\/div>\n\t\t<div class=\"elementor-element elementor-element-ba87e01 e-con-full e-flex e-con e-child\" data-id=\"ba87e01\" data-element_type=\"container\" data-e-type=\"container\">\n\t\t\t\t<div class=\"elementor-element elementor-element-dd12d51 elementor-hidden-mobile elementor-widget elementor-widget-spacer\" data-id=\"dd12d51\" data-element_type=\"widget\" data-e-type=\"widget\" data-widget_type=\"spacer.default\">\n\t\t\t\t<div class=\"elementor-widget-container\">\n\t\t\t\t\t\t\t<div class=\"elementor-spacer\">\n\t\t\t<div class=\"elementor-spacer-inner\"><\/div>\n\t\t<\/div>\n\t\t\t\t\t\t<\/div>\n\t\t\t\t<\/div>\n\t\t\t\t<div class=\"elementor-element elementor-element-daf7b7f elementor-widget elementor-widget-image\" data-id=\"daf7b7f\" data-element_type=\"widget\" data-e-type=\"widget\" data-widget_type=\"image.default\">\n\t\t\t\t<div class=\"elementor-widget-container\">\n\t\t\t\t\t\t\t\t\t\t\t\t\t\t\t\t<a href=\"https:\/\/www.aytotarifa.com\/\" target=\"_blank\">\n\t\t\t\t\t\t\t<img loading=\"lazy\" decoding=\"async\" width=\"597\" height=\"242\" src=\"https:\/\/miprimeraletra.com\/wp-content\/uploads\/2024\/05\/tarifa.png\" class=\"attachment-large size-large wp-image-1043\" alt=\"tarifa\" srcset=\"https:\/\/miprimeraletra.com\/wp-content\/uploads\/2024\/05\/tarifa.png 597w, https:\/\/miprimeraletra.com\/wp-content\/uploads\/2024\/05\/tarifa-300x122.png 300w\" sizes=\"(max-width: 597px) 100vw, 597px\" \/>\t\t\t\t\t\t\t\t<\/a>\n\t\t\t\t\t\t\t\t\t\t\t\t\t\t\t<\/div>\n\t\t\t\t<\/div>\n\t\t\t\t<\/div>\n\t\t\t\t\t<\/div>\n\t\t\t\t<\/div>\n\t\t<div class=\"elementor-element elementor-element-3357a0b e-flex e-con-boxed e-con e-parent\" data-id=\"3357a0b\" data-element_type=\"container\" data-e-type=\"container\">\n\t\t\t\t\t<div class=\"e-con-inner\">\n\t\t<div class=\"elementor-element elementor-element-231ecf8 e-con-full e-flex e-con e-child\" data-id=\"231ecf8\" data-element_type=\"container\" data-e-type=\"container\">\n\t\t\t\t<div class=\"elementor-element elementor-element-dac8b79 elementor-widget elementor-widget-image\" data-id=\"dac8b79\" data-element_type=\"widget\" data-e-type=\"widget\" data-widget_type=\"image.default\">\n\t\t\t\t<div class=\"elementor-widget-container\">\n\t\t\t\t\t\t\t\t\t\t\t\t\t\t\t\t<a href=\"https:\/\/www.happyinsidetravels.com\/\" target=\"_blank\">\n\t\t\t\t\t\t\t<img loading=\"lazy\" decoding=\"async\" width=\"900\" height=\"520\" src=\"https:\/\/miprimeraletra.com\/wp-content\/uploads\/2024\/05\/Capa-22-1024x592.png\" class=\"attachment-large size-large wp-image-1109\" alt=\"HAPPY INSIDE TRAVELS\" srcset=\"https:\/\/miprimeraletra.com\/wp-content\/uploads\/2024\/05\/Capa-22-1024x592.png 1024w, https:\/\/miprimeraletra.com\/wp-content\/uploads\/2024\/05\/Capa-22-300x173.png 300w, https:\/\/miprimeraletra.com\/wp-content\/uploads\/2024\/05\/Capa-22.png 1111w\" sizes=\"(max-width: 900px) 100vw, 900px\" \/>\t\t\t\t\t\t\t\t<\/a>\n\t\t\t\t\t\t\t\t\t\t\t\t\t\t\t<\/div>\n\t\t\t\t<\/div>\n\t\t\t\t<\/div>\n\t\t<div class=\"elementor-element elementor-element-010d53f e-con-full e-flex e-con e-child\" data-id=\"010d53f\" data-element_type=\"container\" data-e-type=\"container\">\n\t\t\t\t<div class=\"elementor-element elementor-element-3c7305c elementor-widget elementor-widget-spacer\" data-id=\"3c7305c\" data-element_type=\"widget\" data-e-type=\"widget\" data-widget_type=\"spacer.default\">\n\t\t\t\t<div class=\"elementor-widget-container\">\n\t\t\t\t\t\t\t<div class=\"elementor-spacer\">\n\t\t\t<div class=\"elementor-spacer-inner\"><\/div>\n\t\t<\/div>\n\t\t\t\t\t\t<\/div>\n\t\t\t\t<\/div>\n\t\t\t\t<div class=\"elementor-element elementor-element-428ad0f elementor-widget elementor-widget-image\" data-id=\"428ad0f\" data-element_type=\"widget\" data-e-type=\"widget\" data-widget_type=\"image.default\">\n\t\t\t\t<div class=\"elementor-widget-container\">\n\t\t\t\t\t\t\t\t\t\t\t\t\t\t\t\t<a href=\"https:\/\/www.amposta.cat\/\" target=\"_blank\">\n\t\t\t\t\t\t\t<img loading=\"lazy\" decoding=\"async\" width=\"900\" height=\"323\" src=\"https:\/\/miprimeraletra.com\/wp-content\/uploads\/2024\/05\/AJUNTAMENT-AMPOSTA-1024x368.png\" class=\"attachment-large size-large wp-image-1112\" alt=\"AJUNTAMENT AMPOSTA\" srcset=\"https:\/\/miprimeraletra.com\/wp-content\/uploads\/2024\/05\/AJUNTAMENT-AMPOSTA-1024x368.png 1024w, https:\/\/miprimeraletra.com\/wp-content\/uploads\/2024\/05\/AJUNTAMENT-AMPOSTA-300x108.png 300w\" sizes=\"(max-width: 900px) 100vw, 900px\" \/>\t\t\t\t\t\t\t\t<\/a>\n\t\t\t\t\t\t\t\t\t\t\t\t\t\t\t<\/div>\n\t\t\t\t<\/div>\n\t\t\t\t<\/div>\n\t\t<div class=\"elementor-element elementor-element-d932334 e-con-full e-flex e-con e-child\" data-id=\"d932334\" data-element_type=\"container\" data-e-type=\"container\">\n\t\t\t\t<\/div>\n\t\t<div class=\"elementor-element elementor-element-dcd5aef e-con-full e-flex e-con e-child\" data-id=\"dcd5aef\" data-element_type=\"container\" data-e-type=\"container\">\n\t\t\t\t<\/div>\n\t\t\t\t\t<\/div>\n\t\t\t\t<\/div>\n\t\t<div class=\"elementor-element elementor-element-b029c92 e-flex e-con-boxed e-con e-parent\" data-id=\"b029c92\" data-element_type=\"container\" data-e-type=\"container\">\n\t\t\t\t\t<div class=\"e-con-inner\">\n\t\t\t\t<div class=\"elementor-element elementor-element-c9c280c elementor-widget elementor-widget-heading\" data-id=\"c9c280c\" data-element_type=\"widget\" data-e-type=\"widget\" data-widget_type=\"heading.default\">\n\t\t\t\t<div class=\"elementor-widget-container\">\n\t\t\t\t\t<h2 class=\"elementor-heading-title elementor-size-default\">AGRADECIMIENTOS HAPPY INSIDE<\/h2>\t\t\t\t<\/div>\n\t\t\t\t<\/div>\n\t\t\t\t\t<\/div>\n\t\t\t\t<\/div>\n\t\t<div class=\"elementor-element elementor-element-d98c8d6 e-flex e-con-boxed e-con e-parent\" data-id=\"d98c8d6\" data-element_type=\"container\" data-e-type=\"container\">\n\t\t\t\t\t<div class=\"e-con-inner\">\n\t\t\t\t<div class=\"elementor-element elementor-element-c0c8d58 elementor-widget elementor-widget-text-editor\" data-id=\"c0c8d58\" data-element_type=\"widget\" data-e-type=\"widget\" data-widget_type=\"text-editor.default\">\n\t\t\t\t<div class=\"elementor-widget-container\">\n\t\t\t\t\t\t\t\t\t<p style=\"text-align: center;\">Gracias al actor Oscar Higares por su aportaci\u00f3n ganada en el programa Masterchef.<\/p><p style=\"text-align: center;\">Gracias a Mariana Baisotti por su amor incondicional y confiar en el proyecto incluso antes de que existiera acompa\u00f1\u00e1ndonos en los momentos m\u00e1s complicados.\u00a0<\/p><p style=\"text-align: center;\">Gracias a Javier Holgado de Paradise Revolution con su jornada de pedaladas solidarias que dio la vuelta a Espa\u00f1a para recaudar fondos.<\/p><p style=\"text-align: center;\">Gracias a todas las personas ya. todos los viajeros que nos han acompa\u00f1ado en alg\u00fan momento del proyecto, gracias a todos ellos hemos sacado fuerzas para convertirlo en este resultado.<\/p><p style=\"text-align: center;\">Gracias a Francisco Javier Gomez Saavedra y Manuela\u00a0 Martinez Vega con su dedicaci\u00f3n para ayudar a la construcci\u00f3n de la escuela.<\/p><p style=\"text-align: center;\">Gracias a todos los tarife\u00f1os que han apoyado a la Fundaci\u00f3n Made In Tarifa aportando ropa, material escolar y todo lo necesario para lleva a la India en nuestros viajes.<\/p><p style=\"text-align: center;\">Gracias a LuzMi y Roberto por haber acompa\u00f1ado y triplicado sus viajes con Happy Inside.<\/p>\t\t\t\t\t\t\t\t<\/div>\n\t\t\t\t<\/div>\n\t\t\t\t\t<\/div>\n\t\t\t\t<\/div>\n\t\t<div class=\"elementor-element elementor-element-0a43c80 e-flex e-con-boxed e-con e-parent\" data-id=\"0a43c80\" data-element_type=\"container\" data-e-type=\"container\">\n\t\t\t\t\t<div class=\"e-con-inner\">\n\t\t\t\t<div class=\"elementor-element elementor-element-01921bd elementor-widget elementor-widget-spacer\" data-id=\"01921bd\" data-element_type=\"widget\" data-e-type=\"widget\" data-widget_type=\"spacer.default\">\n\t\t\t\t<div class=\"elementor-widget-container\">\n\t\t\t\t\t\t\t<div class=\"elementor-spacer\">\n\t\t\t<div class=\"elementor-spacer-inner\"><\/div>\n\t\t<\/div>\n\t\t\t\t\t\t<\/div>\n\t\t\t\t<\/div>\n\t\t\t\t<div class=\"elementor-element elementor-element-cce2557 elementor-widget elementor-widget-heading\" data-id=\"cce2557\" data-element_type=\"widget\" data-e-type=\"widget\" data-widget_type=\"heading.default\">\n\t\t\t\t<div class=\"elementor-widget-container\">\n\t\t\t\t\t<h2 class=\"elementor-heading-title elementor-size-default\">AGRADECIMIENTOS DEL DIRECTOR<\/h2>\t\t\t\t<\/div>\n\t\t\t\t<\/div>\n\t\t\t\t\t<\/div>\n\t\t\t\t<\/div>\n\t\t<div class=\"elementor-element elementor-element-251cff9 e-flex e-con-boxed e-con e-parent\" data-id=\"251cff9\" data-element_type=\"container\" data-e-type=\"container\">\n\t\t\t\t\t<div class=\"e-con-inner\">\n\t\t\t\t<div class=\"elementor-element elementor-element-78ec55f elementor-widget elementor-widget-text-editor\" data-id=\"78ec55f\" data-element_type=\"widget\" data-e-type=\"widget\" data-widget_type=\"text-editor.default\">\n\t\t\t\t<div class=\"elementor-widget-container\">\n\t\t\t\t\t\t\t\t\t<p style=\"text-align: center;\">Gracias a todo el equipo de Happy Inside por ofrecerme la posibilidad de realizar este viaje.<\/p><p style=\"text-align: center;\">Gracias a todas las entidades y personas que han colaborado sin \u00e1nimo de lucro.<\/p>\t\t\t\t\t\t\t\t<\/div>\n\t\t\t\t<\/div>\n\t\t\t\t\t<\/div>\n\t\t\t\t<\/div>\n\t\t<div class=\"elementor-element elementor-element-8c34b24 e-flex e-con-boxed e-con e-parent\" data-id=\"8c34b24\" data-element_type=\"container\" data-e-type=\"container\">\n\t\t\t\t\t<div class=\"e-con-inner\">\n\t\t\t\t<div class=\"elementor-element elementor-element-417b21b elementor-widget elementor-widget-text-editor\" data-id=\"417b21b\" data-element_type=\"widget\" data-e-type=\"widget\" data-widget_type=\"text-editor.default\">\n\t\t\t\t<div class=\"elementor-widget-container\">\n\t\t\t\t\t\t\t\t\t<p>Productores <strong>Moule y Made In Tarifa Foundation<\/strong><br \/>Productores ejecutivos <strong>Virginia Toledo y Xavi Drago<\/strong><br \/>Testimonios <strong>Virginia Toledo, Luis De Dios MEllada y David Ruiz<\/strong><br \/>Actriz de doblaje <strong>Aida Campos Ortiz<\/strong><br \/>Interpretaci\u00f3n <strong>Haargun Deep Kaur Singh<\/strong><br \/>Operador de c\u00e1mara en Espa\u00f1a <strong>Ruben Blasco<\/strong><br \/>Estudio de postproducci\u00f3n de sonido <strong>Cirug\u00eda Sonora<\/strong><br \/>T\u00e9cnico en postproducci\u00f3n de sonido <strong>David Picot<\/strong><br \/>Sonido directo <strong>Rafa Fos<\/strong><br \/>Guion <strong>Xavi Drago<\/strong><br \/>Foquista producci\u00f3n en Espa\u00f1a <strong>David Lleix\u00e0<\/strong><br \/>Coach Actoral <strong>Lluisa Chalavera<\/strong><br \/>Ayudante de producci\u00f3n<strong> Montse Ferrando<\/strong><\/p><p>Departamento de Sonido:<br \/><strong>David Picot<\/strong><br \/><strong>Josep Ianau<\/strong><br \/><strong>Cirug\u00eda Sonora<\/strong><br \/><strong>Radio Joventut<\/strong><br \/><strong>Jonathan Valls<\/strong><br \/><strong>Rafa Fos<\/strong><\/p><p>Departamento de fotograf\u00eda:<br \/><strong>Ruben Blasco<\/strong><br \/><strong>David Lleix\u00e0<\/strong><br \/><strong>Xavi Drago<\/strong><\/p><p>Auxiliares inform\u00e1ticos:<br \/><strong>Jordi Boniard<\/strong><br \/><strong>One Branded<\/strong><br \/><strong>Joan Capera<\/strong><\/p><p>Producci\u00f3n extra:<br \/><strong>Tropicfeel<\/strong><br \/><strong>PixPress Amposta<\/strong><br \/><strong>Rafel Duran<\/strong><br \/><strong>Jordi Caballe<\/strong><\/p><p>M\u00fasica:<br \/><strong>Orchestralis<\/strong><\/p><p style=\"text-align: center;\">\u00a0<\/p>\t\t\t\t\t\t\t\t<\/div>\n\t\t\t\t<\/div>\n\t\t\t\t\t<\/div>\n\t\t\t\t<\/div>\n\t\t\t\t<\/div>\n\t\t","protected":false},"excerpt":{"rendered":"<p>Empresas y organizaciones Este proyecto no hubiera sido posible sin la ayuda de todas las empresas y organizaciones que de manera desinteresada han ayudado a financiar esta bonita iniciativa. AGRADECIMIENTOS HAPPY INSIDE Gracias al actor Oscar Higares por su aportaci\u00f3n ganada en el programa Masterchef. Gracias a Mariana Baisotti por su amor incondicional y confiar &#8230; <a title=\"colaboraciones\" class=\"read-more\" href=\"https:\/\/miprimeraletra.com\/?page_id=476\" aria-label=\"Leer m\u00e1s sobre colaboraciones\">Leer m\u00e1s<\/a><\/p>\n","protected":false},"author":1,"featured_media":0,"parent":0,"menu_order":0,"comment_status":"closed","ping_status":"closed","template":"elementor_header_footer","meta":{"_glsr_average":0,"_glsr_ranking":0,"_glsr_reviews":0,"footnotes":""},"class_list":["post-476","page","type-page","status-publish"],"_links":{"self":[{"href":"https:\/\/miprimeraletra.com\/index.php?rest_route=\/wp\/v2\/pages\/476","targetHints":{"allow":["GET"]}}],"collection":[{"href":"https:\/\/miprimeraletra.com\/index.php?rest_route=\/wp\/v2\/pages"}],"about":[{"href":"https:\/\/miprimeraletra.com\/index.php?rest_route=\/wp\/v2\/types\/page"}],"author":[{"embeddable":true,"href":"https:\/\/miprimeraletra.com\/index.php?rest_route=\/wp\/v2\/users\/1"}],"replies":[{"embeddable":true,"href":"https:\/\/miprimeraletra.com\/index.php?rest_route=%2Fwp%2Fv2%2Fcomments&post=476"}],"version-history":[{"count":109,"href":"https:\/\/miprimeraletra.com\/index.php?rest_route=\/wp\/v2\/pages\/476\/revisions"}],"predecessor-version":[{"id":1548,"href":"https:\/\/miprimeraletra.com\/index.php?rest_route=\/wp\/v2\/pages\/476\/revisions\/1548"}],"wp:attachment":[{"href":"https:\/\/miprimeraletra.com\/index.php?rest_route=%2Fwp%2Fv2%2Fmedia&parent=476"}],"curies":[{"name":"wp","href":"https:\/\/api.w.org\/{rel}","templated":true}]}}