{"id":353,"date":"2024-01-29T15:02:58","date_gmt":"2024-01-29T14:02:58","guid":{"rendered":"https:\/\/miprimeraletra.com\/?page_id=353"},"modified":"2026-04-06T20:59:24","modified_gmt":"2026-04-06T18:59:24","slug":"la-fundacion","status":"publish","type":"page","link":"https:\/\/miprimeraletra.com\/?page_id=353","title":{"rendered":"La fundaci\u00f3n"},"content":{"rendered":"\t\t<div data-elementor-type=\"wp-page\" data-elementor-id=\"353\" class=\"elementor elementor-353\" data-elementor-post-type=\"page\">\n\t\t\t\t<div class=\"elementor-element elementor-element-796dd78 e-flex e-con-boxed e-con e-parent\" data-id=\"796dd78\" data-element_type=\"container\" data-e-type=\"container\">\n\t\t\t\t\t<div class=\"e-con-inner\">\n\t\t\t\t<div class=\"elementor-element elementor-element-00b32dc elementor-widget elementor-widget-spacer\" data-id=\"00b32dc\" data-element_type=\"widget\" data-e-type=\"widget\" data-widget_type=\"spacer.default\">\n\t\t\t\t<div class=\"elementor-widget-container\">\n\t\t\t\t\t\t\t<div class=\"elementor-spacer\">\n\t\t\t<div class=\"elementor-spacer-inner\"><\/div>\n\t\t<\/div>\n\t\t\t\t\t\t<\/div>\n\t\t\t\t<\/div>\n\t\t\t\t\t<\/div>\n\t\t\t\t<\/div>\n\t\t<div class=\"elementor-element elementor-element-fa22d32 e-flex e-con-boxed e-con e-parent\" data-id=\"fa22d32\" data-element_type=\"container\" data-e-type=\"container\">\n\t\t\t\t\t<div class=\"e-con-inner\">\n\t\t<div class=\"elementor-element elementor-element-5964693 e-con-full e-flex e-con e-child\" data-id=\"5964693\" data-element_type=\"container\" data-e-type=\"container\">\n\t\t\t\t<div class=\"elementor-element elementor-element-16e5476 elementor-widget elementor-widget-image\" data-id=\"16e5476\" data-element_type=\"widget\" data-e-type=\"widget\" data-widget_type=\"image.default\">\n\t\t\t\t<div class=\"elementor-widget-container\">\n\t\t\t\t\t\t\t\t\t\t\t\t\t\t\t<img fetchpriority=\"high\" decoding=\"async\" width=\"362\" height=\"543\" src=\"https:\/\/miprimeraletra.com\/wp-content\/uploads\/2024\/01\/virginia.jpeg\" class=\"attachment-large size-large wp-image-356\" alt=\"virginiatoledo\" srcset=\"https:\/\/miprimeraletra.com\/wp-content\/uploads\/2024\/01\/virginia.jpeg 362w, https:\/\/miprimeraletra.com\/wp-content\/uploads\/2024\/01\/virginia-200x300.jpeg 200w\" sizes=\"(max-width: 362px) 100vw, 362px\" \/>\t\t\t\t\t\t\t\t\t\t\t\t\t\t\t<\/div>\n\t\t\t\t<\/div>\n\t\t\t\t<\/div>\n\t\t<div class=\"elementor-element elementor-element-696a384 e-con-full e-flex e-con e-child\" data-id=\"696a384\" data-element_type=\"container\" data-e-type=\"container\">\n\t\t\t\t<div class=\"elementor-element elementor-element-6242643 elementor-widget elementor-widget-heading\" data-id=\"6242643\" data-element_type=\"widget\" data-e-type=\"widget\" data-widget_type=\"heading.default\">\n\t\t\t\t<div class=\"elementor-widget-container\">\n\t\t\t\t\t<h2 class=\"elementor-heading-title elementor-size-default\">Made<br>in tarifa<br>foundation<\/h2>\t\t\t\t<\/div>\n\t\t\t\t<\/div>\n\t\t\t\t<div class=\"elementor-element elementor-element-361da91 elementor-widget elementor-widget-text-editor\" data-id=\"361da91\" data-element_type=\"widget\" data-e-type=\"widget\" data-widget_type=\"text-editor.default\">\n\t\t\t\t<div class=\"elementor-widget-container\">\n\t\t\t\t\t\t\t\t\t<p>\u00bfTE GUSTAR\u00cdA SER PARTE DE ESTA HISTORIA?<\/p>\t\t\t\t\t\t\t\t<\/div>\n\t\t\t\t<\/div>\n\t\t\t\t<div class=\"elementor-element elementor-element-2394461 elementor-align-left elementor-widget elementor-widget-button\" data-id=\"2394461\" data-element_type=\"widget\" data-e-type=\"widget\" data-widget_type=\"button.default\">\n\t\t\t\t<div class=\"elementor-widget-container\">\n\t\t\t\t\t\t\t\t\t<div class=\"elementor-button-wrapper\">\n\t\t\t\t\t<a class=\"elementor-button elementor-button-link elementor-size-lg\" href=\"https:\/\/www.happyinsidetravels.com\/viaje-solidario-india\/\" target=\"_blank\">\n\t\t\t\t\t\t<span class=\"elementor-button-content-wrapper\">\n\t\t\t\t\t\t\t\t\t<span class=\"elementor-button-text\">VIVE UNA EXPERIENCIA COMO ESTA<\/span>\n\t\t\t\t\t<\/span>\n\t\t\t\t\t<\/a>\n\t\t\t\t<\/div>\n\t\t\t\t\t\t\t\t<\/div>\n\t\t\t\t<\/div>\n\t\t\t\t<\/div>\n\t\t\t\t\t<\/div>\n\t\t\t\t<\/div>\n\t\t<div class=\"elementor-element elementor-element-a6c0c5b e-flex e-con-boxed e-con e-parent\" data-id=\"a6c0c5b\" data-element_type=\"container\" data-e-type=\"container\">\n\t\t\t\t\t<div class=\"e-con-inner\">\n\t\t<div class=\"elementor-element elementor-element-63047ff e-con-full e-flex e-con e-child\" data-id=\"63047ff\" data-element_type=\"container\" data-e-type=\"container\">\n\t\t\t\t<div class=\"elementor-element elementor-element-dece9d8 elementor-widget elementor-widget-text-editor\" data-id=\"dece9d8\" data-element_type=\"widget\" data-e-type=\"widget\" data-widget_type=\"text-editor.default\">\n\t\t\t\t<div class=\"elementor-widget-container\">\n\t\t\t\t\t\t\t\t\t<p>La Fundaci\u00f3n Made in Tarifa es una asociaci\u00f3n sin \u00e1nimo de lucro que opera principalmente en la India, destac\u00e1ndose por su compromiso con proyectos de desarrollo social y educativo en este pa\u00eds y otros contextos internacionales. Su labor se centra en proporcionar oportunidades educativas y mejorar las condiciones de vida de comunidades desfavorecidas, con un enfoque especial en la infancia y la juventud.<\/p>\t\t\t\t\t\t\t\t<\/div>\n\t\t\t\t<\/div>\n\t\t\t\t<\/div>\n\t\t<div class=\"elementor-element elementor-element-9c5532b e-con-full e-flex e-con e-child\" data-id=\"9c5532b\" data-element_type=\"container\" data-e-type=\"container\">\n\t\t\t\t<div class=\"elementor-element elementor-element-756e365 elementor-widget elementor-widget-text-editor\" data-id=\"756e365\" data-element_type=\"widget\" data-e-type=\"widget\" data-widget_type=\"text-editor.default\">\n\t\t\t\t<div class=\"elementor-widget-container\">\n\t\t\t\t\t\t\t\t\t<p>Adem\u00e1s, la Fundaci\u00f3n Made in Tarifa realiza una labor de acercamiento \u00fanica a trav\u00e9s de su proyecto Happy Inside y sus viajes solidarios. Ofrecen a personas sin idioma o formaci\u00f3n la opotunidad de conocer la India y acceder a programas de ayuda y solidaridad. Estos viajes no solo permiten a los participantes sumergirse en la realidad de las comunidades a las que sirven, sino que tambi\u00e9n promueven un intercambio cultural significativo y un entendimiento m\u00e1s profundo de los desaf\u00edos que enfrentan las poblaciones locales.<\/p>\t\t\t\t\t\t\t\t<\/div>\n\t\t\t\t<\/div>\n\t\t\t\t<\/div>\n\t\t\t\t\t<\/div>\n\t\t\t\t<\/div>\n\t\t<div class=\"elementor-element elementor-element-90b3ab4 e-flex e-con-boxed e-con e-parent\" data-id=\"90b3ab4\" data-element_type=\"container\" data-e-type=\"container\">\n\t\t\t\t\t<div class=\"e-con-inner\">\n\t\t\t\t<div class=\"elementor-element elementor-element-c079470 elementor-align-center elementor-widget elementor-widget-button\" data-id=\"c079470\" data-element_type=\"widget\" data-e-type=\"widget\" data-widget_type=\"button.default\">\n\t\t\t\t<div class=\"elementor-widget-container\">\n\t\t\t\t\t\t\t\t\t<div class=\"elementor-button-wrapper\">\n\t\t\t\t\t<a class=\"elementor-button elementor-button-link elementor-size-lg\" href=\"https:\/\/www.fundacionmadeintarifa.com\/contacto-ong-india\/\" target=\"_blank\">\n\t\t\t\t\t\t<span class=\"elementor-button-content-wrapper\">\n\t\t\t\t\t\t\t\t\t<span class=\"elementor-button-text\">REALIZAR DONACI\u00d3N<\/span>\n\t\t\t\t\t<\/span>\n\t\t\t\t\t<\/a>\n\t\t\t\t<\/div>\n\t\t\t\t\t\t\t\t<\/div>\n\t\t\t\t<\/div>\n\t\t\t\t\t<\/div>\n\t\t\t\t<\/div>\n\t\t<div class=\"elementor-element elementor-element-bb60a35 e-flex e-con-boxed e-con e-parent\" data-id=\"bb60a35\" data-element_type=\"container\" data-e-type=\"container\">\n\t\t\t\t\t<div class=\"e-con-inner\">\n\t\t\t\t<div class=\"elementor-element elementor-element-f22863a elementor-widget elementor-widget-heading\" data-id=\"f22863a\" data-element_type=\"widget\" data-e-type=\"widget\" data-widget_type=\"heading.default\">\n\t\t\t\t<div class=\"elementor-widget-container\">\n\t\t\t\t\t<h2 class=\"elementor-heading-title elementor-size-default\">Algunos aspectos destacados de la labor de la Fundaci\u00f3n Made in Tarifa incluyen:<\/h2>\t\t\t\t<\/div>\n\t\t\t\t<\/div>\n\t\t\t\t<div class=\"elementor-element elementor-element-5420fcb elementor-widget elementor-widget-text-editor\" data-id=\"5420fcb\" data-element_type=\"widget\" data-e-type=\"widget\" data-widget_type=\"text-editor.default\">\n\t\t\t\t<div class=\"elementor-widget-container\">\n\t\t\t\t\t\t\t\t\t<p><strong>Educaci\u00f3n para Todos:<\/strong> La fundaci\u00f3n se compromete a garantizar el acceso a una educaci\u00f3n para los ni\u00f1os en la India, independientemente de su origen socioecon\u00f3mico o cultural. A trav\u00e9s de la construcci\u00f3n de escuelas, la implementaci\u00f3n de programas educativos innovadores y el apoyo a maestros y estudiantes, la Fundaci\u00f3n Made in Tarifa trabaja para empoderar a las comunidades a trav\u00e9s del conocimiento.<\/p><p><strong>Desarrollo Comunitario:<\/strong> Reconociendo la importancia del desarrollo comunitario integral, la Fundaci\u00f3n Made in Tarifa trabaja en proyectos que abordan otras necesidades b\u00e1sicas en la India, como el acceso al agua potable, la atenci\u00f3n m\u00e9dica y la promoci\u00f3n de la igualdad de g\u00e9nero.<\/p><p><strong>Colaboraci\u00f3n Global:<\/strong> La fundaci\u00f3n opera en un marco internacional, colaborando con organizaciones locales, gobiernos y otras entidades para maximizar el impacto de sus proyectos. Su enfoque colaborativo permite una mayor eficacia y sostenibilidad en sus iniciativas.<\/p><p><strong>Sostenibilidad:<\/strong> La Fundaci\u00f3n Made in Tarifa no solo se centra en abordar las necesidades inmediatas de las comunidades en la India, sino que tambi\u00e9n se compromete con la sostenibilidad a largo plazo. Sus proyectos est\u00e1n dise\u00f1ados para capacitar a las comunidades locales y fomentar su autosuficiencia, de modo que puedan mantener y continuar el progreso por s\u00ed mismas.<\/p>\t\t\t\t\t\t\t\t<\/div>\n\t\t\t\t<\/div>\n\t\t\t\t<div class=\"elementor-element elementor-element-0190314 elementor-align-center elementor-widget elementor-widget-button\" data-id=\"0190314\" data-element_type=\"widget\" data-e-type=\"widget\" data-widget_type=\"button.default\">\n\t\t\t\t<div class=\"elementor-widget-container\">\n\t\t\t\t\t\t\t\t\t<div class=\"elementor-button-wrapper\">\n\t\t\t\t\t<a class=\"elementor-button elementor-button-link elementor-size-sm\" href=\"https:\/\/www.fundacionmadeintarifa.com\/\" target=\"_blank\">\n\t\t\t\t\t\t<span class=\"elementor-button-content-wrapper\">\n\t\t\t\t\t\t\t\t\t<span class=\"elementor-button-text\">P\u00c1GINA WEB MADE IN TARIFA FOUNDATION<\/span>\n\t\t\t\t\t<\/span>\n\t\t\t\t\t<\/a>\n\t\t\t\t<\/div>\n\t\t\t\t\t\t\t\t<\/div>\n\t\t\t\t<\/div>\n\t\t\t\t<div class=\"elementor-element elementor-element-f0eeeb6 elementor-widget elementor-widget-spacer\" data-id=\"f0eeeb6\" data-element_type=\"widget\" data-e-type=\"widget\" data-widget_type=\"spacer.default\">\n\t\t\t\t<div class=\"elementor-widget-container\">\n\t\t\t\t\t\t\t<div class=\"elementor-spacer\">\n\t\t\t<div class=\"elementor-spacer-inner\"><\/div>\n\t\t<\/div>\n\t\t\t\t\t\t<\/div>\n\t\t\t\t<\/div>\n\t\t\t\t\t<\/div>\n\t\t\t\t<\/div>\n\t\t<div class=\"elementor-element elementor-element-b55c29d e-flex e-con-boxed e-con e-parent\" data-id=\"b55c29d\" data-element_type=\"container\" data-e-type=\"container\">\n\t\t\t\t\t<div class=\"e-con-inner\">\n\t\t\t\t\t<\/div>\n\t\t\t\t<\/div>\n\t\t<div class=\"elementor-element elementor-element-b52ed4a e-flex e-con-boxed e-con e-parent\" data-id=\"b52ed4a\" data-element_type=\"container\" data-e-type=\"container\">\n\t\t\t\t\t<div class=\"e-con-inner\">\n\t\t<div class=\"elementor-element elementor-element-197f2ff e-con-full e-flex e-con e-child\" data-id=\"197f2ff\" data-element_type=\"container\" data-e-type=\"container\">\n\t\t\t\t<div class=\"elementor-element elementor-element-f94a2b5 elementor-widget elementor-widget-image\" data-id=\"f94a2b5\" data-element_type=\"widget\" data-e-type=\"widget\" data-widget_type=\"image.default\">\n\t\t\t\t<div class=\"elementor-widget-container\">\n\t\t\t\t\t\t\t\t\t\t\t\t\t\t\t<img decoding=\"async\" width=\"359\" height=\"479\" src=\"https:\/\/miprimeraletra.com\/wp-content\/uploads\/2024\/01\/virgina2.jpeg\" class=\"attachment-large size-large wp-image-357\" alt=\"\" srcset=\"https:\/\/miprimeraletra.com\/wp-content\/uploads\/2024\/01\/virgina2.jpeg 359w, https:\/\/miprimeraletra.com\/wp-content\/uploads\/2024\/01\/virgina2-225x300.jpeg 225w\" sizes=\"(max-width: 359px) 100vw, 359px\" \/>\t\t\t\t\t\t\t\t\t\t\t\t\t\t\t<\/div>\n\t\t\t\t<\/div>\n\t\t\t\t<\/div>\n\t\t<div class=\"elementor-element elementor-element-4879bdc e-con-full e-flex e-con e-child\" data-id=\"4879bdc\" data-element_type=\"container\" data-e-type=\"container\">\n\t\t\t\t<div class=\"elementor-element elementor-element-2afafd4 elementor-widget elementor-widget-heading\" data-id=\"2afafd4\" data-element_type=\"widget\" data-e-type=\"widget\" data-widget_type=\"heading.default\">\n\t\t\t\t<div class=\"elementor-widget-container\">\n\t\t\t\t\t<h2 class=\"elementor-heading-title elementor-size-default\">virgina toledo<\/h2>\t\t\t\t<\/div>\n\t\t\t\t<\/div>\n\t\t\t\t<div class=\"elementor-element elementor-element-999ec82 elementor-widget elementor-widget-text-editor\" data-id=\"999ec82\" data-element_type=\"widget\" data-e-type=\"widget\" data-widget_type=\"text-editor.default\">\n\t\t\t\t<div class=\"elementor-widget-container\">\n\t\t\t\t\t\t\t\t\t<p>Virginia Toledo es Licenciada en Comunicaci\u00f3n, dise\u00f1adora de moda y fundadora de la marca Made in Tarifa. Lleg\u00f3 sola a la India desde Tarifa para buscar un mayor sentido a su vida. Lo que hizo en la India marc\u00f3 la diferencia.<br \/><br \/>\u200b Cuando volvi\u00f3 del viaje era la misma persona pero ten\u00eda claro que con poco pod\u00eda hacer mucho por los dem\u00e1s, as\u00ed que dio un paso m\u00e1s y reconvirti\u00f3 su aventura viajera en una forma de hacer felices a todos los necesitados.<br \/><br \/>Virginia ha conseguido en los \u00faltimos a\u00f1os dotar de recursos a colegios en condiciones muy precarias. Pero ha dado un paso m\u00e1s creando las escuelas \u201cHappy Inside\u201d, ubicadas en el norte de India, una de las zonas m\u00e1s afectadas por la pobreza, seg\u00fan la fundaci\u00f3n.<\/p>\t\t\t\t\t\t\t\t<\/div>\n\t\t\t\t<\/div>\n\t\t\t\t<\/div>\n\t\t\t\t\t<\/div>\n\t\t\t\t<\/div>\n\t\t<div class=\"elementor-element elementor-element-87126db e-flex e-con-boxed e-con e-parent\" data-id=\"87126db\" data-element_type=\"container\" data-e-type=\"container\">\n\t\t\t\t\t<div class=\"e-con-inner\">\n\t\t<div class=\"elementor-element elementor-element-995b4f2 e-con-full e-flex e-con e-child\" data-id=\"995b4f2\" data-element_type=\"container\" data-e-type=\"container\">\n\t\t\t\t<div class=\"elementor-element elementor-element-d2aa45e elementor-widget elementor-widget-spacer\" data-id=\"d2aa45e\" data-element_type=\"widget\" data-e-type=\"widget\" data-widget_type=\"spacer.default\">\n\t\t\t\t<div class=\"elementor-widget-container\">\n\t\t\t\t\t\t\t<div class=\"elementor-spacer\">\n\t\t\t<div class=\"elementor-spacer-inner\"><\/div>\n\t\t<\/div>\n\t\t\t\t\t\t<\/div>\n\t\t\t\t<\/div>\n\t\t\t\t<div class=\"elementor-element elementor-element-2d37d08 elementor-widget elementor-widget-heading\" data-id=\"2d37d08\" data-element_type=\"widget\" data-e-type=\"widget\" data-widget_type=\"heading.default\">\n\t\t\t\t<div class=\"elementor-widget-container\">\n\t\t\t\t\t<h2 class=\"elementor-heading-title elementor-size-default\">\u00danete\na la pr\u00f3xima\naventura<\/h2>\t\t\t\t<\/div>\n\t\t\t\t<\/div>\n\t\t\t\t<div class=\"elementor-element elementor-element-d73bf04 elementor-widget elementor-widget-text-editor\" data-id=\"d73bf04\" data-element_type=\"widget\" data-e-type=\"widget\" data-widget_type=\"text-editor.default\">\n\t\t\t\t<div class=\"elementor-widget-container\">\n\t\t\t\t\t\t\t\t\t<p><a href=\"http:\/\/www.happyinsidetravels.com\/\" target=\"_blank\" rel=\"noopener\">www.happyinsidetravels.com<\/a><\/p>\t\t\t\t\t\t\t\t<\/div>\n\t\t\t\t<\/div>\n\t\t\t\t<div class=\"elementor-element elementor-element-2e2f1ce elementor-widget elementor-widget-spacer\" data-id=\"2e2f1ce\" data-element_type=\"widget\" data-e-type=\"widget\" data-widget_type=\"spacer.default\">\n\t\t\t\t<div class=\"elementor-widget-container\">\n\t\t\t\t\t\t\t<div class=\"elementor-spacer\">\n\t\t\t<div class=\"elementor-spacer-inner\"><\/div>\n\t\t<\/div>\n\t\t\t\t\t\t<\/div>\n\t\t\t\t<\/div>\n\t\t\t\t<\/div>\n\t\t<div class=\"elementor-element elementor-element-f35094b e-con-full e-flex e-con e-child\" data-id=\"f35094b\" data-element_type=\"container\" data-e-type=\"container\">\n\t\t\t\t<div class=\"elementor-element elementor-element-5d4afae elementor-widget elementor-widget-image\" data-id=\"5d4afae\" data-element_type=\"widget\" data-e-type=\"widget\" data-widget_type=\"image.default\">\n\t\t\t\t<div class=\"elementor-widget-container\">\n\t\t\t\t\t\t\t\t\t\t\t\t\t\t\t<img decoding=\"async\" width=\"900\" height=\"520\" src=\"https:\/\/miprimeraletra.com\/wp-content\/uploads\/2024\/01\/Capa-22-1024x592.png\" class=\"attachment-large size-large wp-image-384\" alt=\"\" srcset=\"https:\/\/miprimeraletra.com\/wp-content\/uploads\/2024\/01\/Capa-22-1024x592.png 1024w, https:\/\/miprimeraletra.com\/wp-content\/uploads\/2024\/01\/Capa-22-300x173.png 300w, https:\/\/miprimeraletra.com\/wp-content\/uploads\/2024\/01\/Capa-22.png 1111w\" sizes=\"(max-width: 900px) 100vw, 900px\" \/>\t\t\t\t\t\t\t\t\t\t\t\t\t\t\t<\/div>\n\t\t\t\t<\/div>\n\t\t\t\t<\/div>\n\t\t\t\t\t<\/div>\n\t\t\t\t<\/div>\n\t\t\t\t<\/div>\n\t\t","protected":false},"excerpt":{"rendered":"<p>Madein tarifafoundation \u00bfTE GUSTAR\u00cdA SER PARTE DE ESTA HISTORIA? VIVE UNA EXPERIENCIA COMO ESTA La Fundaci\u00f3n Made in Tarifa es una asociaci\u00f3n sin \u00e1nimo de lucro que opera principalmente en la India, destac\u00e1ndose por su compromiso con proyectos de desarrollo social y educativo en este pa\u00eds y otros contextos internacionales. Su labor se centra en &#8230; <a title=\"La fundaci\u00f3n\" class=\"read-more\" href=\"https:\/\/miprimeraletra.com\/?page_id=353\" aria-label=\"Leer m\u00e1s sobre La fundaci\u00f3n\">Leer m\u00e1s<\/a><\/p>\n","protected":false},"author":1,"featured_media":0,"parent":0,"menu_order":0,"comment_status":"closed","ping_status":"closed","template":"elementor_header_footer","meta":{"_glsr_average":0,"_glsr_ranking":0,"_glsr_reviews":0,"footnotes":""},"class_list":["post-353","page","type-page","status-publish"],"_links":{"self":[{"href":"https:\/\/miprimeraletra.com\/index.php?rest_route=\/wp\/v2\/pages\/353","targetHints":{"allow":["GET"]}}],"collection":[{"href":"https:\/\/miprimeraletra.com\/index.php?rest_route=\/wp\/v2\/pages"}],"about":[{"href":"https:\/\/miprimeraletra.com\/index.php?rest_route=\/wp\/v2\/types\/page"}],"author":[{"embeddable":true,"href":"https:\/\/miprimeraletra.com\/index.php?rest_route=\/wp\/v2\/users\/1"}],"replies":[{"embeddable":true,"href":"https:\/\/miprimeraletra.com\/index.php?rest_route=%2Fwp%2Fv2%2Fcomments&post=353"}],"version-history":[{"count":73,"href":"https:\/\/miprimeraletra.com\/index.php?rest_route=\/wp\/v2\/pages\/353\/revisions"}],"predecessor-version":[{"id":2068,"href":"https:\/\/miprimeraletra.com\/index.php?rest_route=\/wp\/v2\/pages\/353\/revisions\/2068"}],"wp:attachment":[{"href":"https:\/\/miprimeraletra.com\/index.php?rest_route=%2Fwp%2Fv2%2Fmedia&parent=353"}],"curies":[{"name":"wp","href":"https:\/\/api.w.org\/{rel}","templated":true}]}}