{"id":289,"date":"2024-01-29T14:14:39","date_gmt":"2024-01-29T13:14:39","guid":{"rendered":"https:\/\/miprimeraletra.com\/?page_id=289"},"modified":"2026-04-06T21:07:14","modified_gmt":"2026-04-06T19:07:14","slug":"politica-de-privacidad","status":"publish","type":"page","link":"https:\/\/miprimeraletra.com\/?page_id=289","title":{"rendered":"POL\u00cdTICA DE PRIVACIDAD"},"content":{"rendered":"\t\t<div data-elementor-type=\"wp-page\" data-elementor-id=\"289\" class=\"elementor elementor-289\" data-elementor-post-type=\"page\">\n\t\t\t\t<div class=\"elementor-element elementor-element-6ab614e e-flex e-con-boxed e-con e-parent\" data-id=\"6ab614e\" data-element_type=\"container\" data-e-type=\"container\">\n\t\t\t\t\t<div class=\"e-con-inner\">\n\t\t\t\t<div class=\"elementor-element elementor-element-0dfa473 elementor-widget elementor-widget-spacer\" data-id=\"0dfa473\" data-element_type=\"widget\" data-e-type=\"widget\" data-widget_type=\"spacer.default\">\n\t\t\t\t<div class=\"elementor-widget-container\">\n\t\t\t\t\t\t\t<div class=\"elementor-spacer\">\n\t\t\t<div class=\"elementor-spacer-inner\"><\/div>\n\t\t<\/div>\n\t\t\t\t\t\t<\/div>\n\t\t\t\t<\/div>\n\t\t\t\t\t<\/div>\n\t\t\t\t<\/div>\n\t\t<div class=\"elementor-element elementor-element-d173671 e-flex e-con-boxed e-con e-parent\" data-id=\"d173671\" data-element_type=\"container\" data-e-type=\"container\">\n\t\t\t\t\t<div class=\"e-con-inner\">\n\t\t\t\t<div class=\"elementor-element elementor-element-8b69d85 elementor-widget elementor-widget-heading\" data-id=\"8b69d85\" data-element_type=\"widget\" data-e-type=\"widget\" data-widget_type=\"heading.default\">\n\t\t\t\t<div class=\"elementor-widget-container\">\n\t\t\t\t\t<h2 class=\"elementor-heading-title elementor-size-default\">POL\u00cdTICA DE PRIVACIDAD<\/h2>\t\t\t\t<\/div>\n\t\t\t\t<\/div>\n\t\t\t\t\t<\/div>\n\t\t\t\t<\/div>\n\t\t<div class=\"elementor-element elementor-element-727ee1c e-flex e-con-boxed e-con e-parent\" data-id=\"727ee1c\" data-element_type=\"container\" data-e-type=\"container\" data-settings=\"{&quot;background_background&quot;:&quot;classic&quot;}\">\n\t\t\t\t\t<div class=\"e-con-inner\">\n\t\t<div class=\"elementor-element elementor-element-2eaade1 e-con-full e-flex e-con e-child\" data-id=\"2eaade1\" data-element_type=\"container\" data-e-type=\"container\">\n\t\t\t\t<div class=\"elementor-element elementor-element-8b3cb9d elementor-widget elementor-widget-text-editor\" data-id=\"8b3cb9d\" data-element_type=\"widget\" data-e-type=\"widget\" data-widget_type=\"text-editor.default\">\n\t\t\t\t<div class=\"elementor-widget-container\">\n\t\t\t\t\t\t\t\t\t<ul><li><b>Nombre del dominio:\u00a0<\/b>miprimeraletra.com<\/li><li><b>Denominaci\u00f3n Social:\u00a0<\/b>Busto and Moule SCP<\/li><li><b>Nombre Comercial:\u00a0<\/b>Mi primera letra<\/li><li><b>Domicilio Social:\u00a0<\/b>C\/ Canovas 69, 43870, Amposta<\/li><li><b>NIF:\u00a0<\/b>J06874002<\/li><li><b>Correo electr\u00f3nico:\u00a0<\/b>info@themoule.com<\/li><\/ul>\t\t\t\t\t\t\t\t<\/div>\n\t\t\t\t<\/div>\n\t\t\t\t<\/div>\n\t\t<div class=\"elementor-element elementor-element-e55e297 e-con-full e-flex e-con e-child\" data-id=\"e55e297\" data-element_type=\"container\" data-e-type=\"container\">\n\t\t\t\t<\/div>\n\t\t\t\t\t<\/div>\n\t\t\t\t<\/div>\n\t\t<div class=\"elementor-element elementor-element-722ad04 e-flex e-con-boxed e-con e-parent\" data-id=\"722ad04\" data-element_type=\"container\" data-e-type=\"container\">\n\t\t\t\t\t<div class=\"e-con-inner\">\n\t\t\t\t<div class=\"elementor-element elementor-element-bb408c9 elementor-widget elementor-widget-text-editor\" data-id=\"bb408c9\" data-element_type=\"widget\" data-e-type=\"widget\" data-widget_type=\"text-editor.default\">\n\t\t\t\t<div class=\"elementor-widget-container\">\n\t\t\t\t\t\t\t\t\t<p>POL\u00cdTICA DE PRIVACIDAD Y PROTECCI\u00d3N DE DATOS<\/p><p>El tratamiento de los datos personales se rige por el Reglamento General de Protecci\u00f3n de Datos (RGPD) de la Uni\u00f3n Europea (UE) 2016\/679 y la actual Ley Org\u00e1nica 3\/2018 de Protecci\u00f3n de Datos Personales y garant\u00eda de los derechos digitales (LOPDGDD).<\/p><p>1. RESPONSABLE DEL TRATAMIENTO DE SUS DATOS<br \/>\u2022 Denominaci\u00f3n Social: Busto and Moule SCP<br \/>\u2022 NIF: J06874002<br \/>\u2022 Domicilio Social: C\/ Canovas 69, 43870, Amposta<br \/>\u2022 Correo electr\u00f3nico: info@themoule.com<\/p><p>2. FINALIDAD DEL TRATAMIENTO<br \/>En Busto and Moule SCP tratamos la informaci\u00f3n que nos facilitan las personas interesadas con el fin de atender sus consultas, gestionar la relaci\u00f3n comercial y enviarles informaci\u00f3n relacionada con nuestros servicios. Los datos personales proporcionados se conservar\u00e1n mientras se mantenga la relaci\u00f3n comercial o no se solicite su supresi\u00f3n por el interesado.<\/p><p>3. LEGITIMACI\u00d3N DEL TRATAMIENTO<br \/>La base legal para el tratamiento de sus datos es el consentimiento expreso del usuario. Al marcar las casillas de aceptaci\u00f3n de la pol\u00edtica de privacidad en nuestros formularios de contacto, usted consiente libremente el tratamiento de sus datos personales para las finalidades indicadas.<\/p><p>4. DESTINATARIOS Y ALOJAMIENTO DE DATOS<br \/>Busto and Moule SCP no vender\u00e1, ceder\u00e1 ni distribuir\u00e1 la informaci\u00f3n personal que es recopilada sin su consentimiento, salvo que sea requerido por un juez con un orden judicial.<br \/>Para poder prestar nuestros servicios de forma segura, el Sitio Web est\u00e1 alojado en los servidores de Hostinger International Limited, ubicados dentro de la Uni\u00f3n Europea, cumpliendo con los est\u00e1ndares de seguridad exigidos por la normativa europea.<\/p><p>5. DERECHOS DE LOS USUARIOS (DERECHOS ARCO)<br \/>Cualquier persona tiene derecho a obtener confirmaci\u00f3n sobre si en Busto and Moule SCP estamos tratando datos personales que les conciernan, o no. Las personas interesadas tienen derecho a:<br \/>\u2022 Solicitar el acceso a los datos personales relativos al interesado.<br \/>\u2022 Solicitar su rectificaci\u00f3n o supresi\u00f3n.<br \/>\u2022 Solicitar la limitaci\u00f3n de su tratamiento.<br \/>\u2022 Oponerse al tratamiento.<br \/>\u2022 Solicitar la portabilidad de los datos.<\/p><p>Podr\u00e1 ejercer estos derechos enviando un correo electr\u00f3nico a info@themoule.com, adjuntando una copia de su DNI o documento identificativo equivalente, e indicando en el asunto \u00abPROTECCI\u00d3N DE DATOS\u00bb.<\/p><p>6. MEDIDAS DE SEGURIDAD<br \/>Busto and Moule SCP tiene implantadas las medidas de seguridad de \u00edndole t\u00e9cnica y organizativas necesarias para garantizar la seguridad de sus datos de car\u00e1cter personal y evitar su alteraci\u00f3n, p\u00e9rdida y tratamiento y\/o acceso no autorizado, habida cuenta del estado de la tecnolog\u00eda, la naturaleza de los datos almacenados y los riesgos a que est\u00e1n expuestos. Nuestro sitio web utiliza un certificado de seguridad SSL para garantizar que la transmisi\u00f3n de datos entre el servidor y el usuario sea cifrada y totalmente segura.<\/p><p>7. CAMBIOS EN LA POL\u00cdTICA DE PRIVACIDAD<br \/>Busto and Moule SCP se reserva el derecho a modificar la presente pol\u00edtica para adaptarla a novedades legislativas o jurisprudenciales. En dichos supuestos, el Prestador anunciar\u00e1 en esta p\u00e1gina los cambios introducidos con razonable antelaci\u00f3n a su puesta en pr\u00e1ctica.<\/p>\t\t\t\t\t\t\t\t<\/div>\n\t\t\t\t<\/div>\n\t\t\t\t\t<\/div>\n\t\t\t\t<\/div>\n\t\t\t\t<\/div>\n\t\t","protected":false},"excerpt":{"rendered":"<p>POL\u00cdTICA DE PRIVACIDAD Nombre del dominio:\u00a0miprimeraletra.com Denominaci\u00f3n Social:\u00a0Busto and Moule SCP Nombre Comercial:\u00a0Mi primera letra Domicilio Social:\u00a0C\/ Canovas 69, 43870, Amposta NIF:\u00a0J06874002 Correo electr\u00f3nico:\u00a0info@themoule.com POL\u00cdTICA DE PRIVACIDAD Y PROTECCI\u00d3N DE DATOS El tratamiento de los datos personales se rige por el Reglamento General de Protecci\u00f3n de Datos (RGPD) de la Uni\u00f3n Europea (UE) 2016\/679 y &#8230; <a title=\"POL\u00cdTICA DE PRIVACIDAD\" class=\"read-more\" href=\"https:\/\/miprimeraletra.com\/?page_id=289\" aria-label=\"Leer m\u00e1s sobre POL\u00cdTICA DE PRIVACIDAD\">Leer m\u00e1s<\/a><\/p>\n","protected":false},"author":1,"featured_media":0,"parent":0,"menu_order":0,"comment_status":"closed","ping_status":"closed","template":"elementor_header_footer","meta":{"_glsr_average":0,"_glsr_ranking":0,"_glsr_reviews":0,"footnotes":""},"class_list":["post-289","page","type-page","status-publish"],"_links":{"self":[{"href":"https:\/\/miprimeraletra.com\/index.php?rest_route=\/wp\/v2\/pages\/289","targetHints":{"allow":["GET"]}}],"collection":[{"href":"https:\/\/miprimeraletra.com\/index.php?rest_route=\/wp\/v2\/pages"}],"about":[{"href":"https:\/\/miprimeraletra.com\/index.php?rest_route=\/wp\/v2\/types\/page"}],"author":[{"embeddable":true,"href":"https:\/\/miprimeraletra.com\/index.php?rest_route=\/wp\/v2\/users\/1"}],"replies":[{"embeddable":true,"href":"https:\/\/miprimeraletra.com\/index.php?rest_route=%2Fwp%2Fv2%2Fcomments&post=289"}],"version-history":[{"count":13,"href":"https:\/\/miprimeraletra.com\/index.php?rest_route=\/wp\/v2\/pages\/289\/revisions"}],"predecessor-version":[{"id":2074,"href":"https:\/\/miprimeraletra.com\/index.php?rest_route=\/wp\/v2\/pages\/289\/revisions\/2074"}],"wp:attachment":[{"href":"https:\/\/miprimeraletra.com\/index.php?rest_route=%2Fwp%2Fv2%2Fmedia&parent=289"}],"curies":[{"name":"wp","href":"https:\/\/api.w.org\/{rel}","templated":true}]}}