{"id":1360,"date":"2024-05-21T18:25:20","date_gmt":"2024-05-21T16:25:20","guid":{"rendered":"https:\/\/miprimeraletra.com\/?page_id=1360"},"modified":"2024-05-21T19:11:42","modified_gmt":"2024-05-21T17:11:42","slug":"mi-primera-letra","status":"publish","type":"page","link":"https:\/\/miprimeraletra.com\/?page_id=1360","title":{"rendered":"Mi Primera Letra"},"content":{"rendered":"\t\t<div data-elementor-type=\"wp-page\" data-elementor-id=\"1360\" class=\"elementor elementor-1360\" data-elementor-post-type=\"page\">\n\t\t\t\t<div class=\"elementor-element elementor-element-8fe0364 e-con-full e-flex e-con e-parent\" data-id=\"8fe0364\" data-element_type=\"container\" data-e-type=\"container\">\n\t\t\t\t<div class=\"elementor-element elementor-element-d5fa4d4 elementor-widget elementor-widget-video\" data-id=\"d5fa4d4\" data-element_type=\"widget\" data-e-type=\"widget\" data-settings=\"{&quot;video_type&quot;:&quot;vimeo&quot;}\" data-widget_type=\"video.default\">\n\t\t\t\t<div class=\"elementor-widget-container\">\n\t\t\t\t\t\t\t<div class=\"elementor-wrapper elementor-open-inline\">\n\t\t\t<iframe class=\"elementor-video-iframe\" allowfullscreen allow=\"clipboard-write\" title=\"Reproductor de v\u00eddeo vimeo\" src=\"https:\/\/player.vimeo.com\/video\/948771657?color&amp;autopause=0&amp;loop=0&amp;muted=0&amp;title=1&amp;portrait=1&amp;byline=1&amp;h=414c63dc35#t=\"><\/iframe>\t\t<\/div>\n\t\t\t\t\t\t<\/div>\n\t\t\t\t<\/div>\n\t\t\t\t<\/div>\n\t\t<div class=\"elementor-element elementor-element-cbd7eb2 e-flex e-con-boxed e-con e-parent\" data-id=\"cbd7eb2\" data-element_type=\"container\" data-e-type=\"container\">\n\t\t\t\t\t<div class=\"e-con-inner\">\n\t\t\t\t<div class=\"elementor-element elementor-element-a7b6b98 elementor-tabs-alignment-center elementor-tabs-view-horizontal elementor-widget elementor-widget-tabs\" data-id=\"a7b6b98\" data-element_type=\"widget\" data-e-type=\"widget\" data-widget_type=\"tabs.default\">\n\t\t\t\t<div class=\"elementor-widget-container\">\n\t\t\t\t\t\t\t<div class=\"elementor-tabs\">\n\t\t\t<div class=\"elementor-tabs-wrapper\" role=\"tablist\" >\n\t\t\t\t\t\t\t\t\t<div id=\"elementor-tab-title-1751\" class=\"elementor-tab-title elementor-tab-desktop-title\" aria-selected=\"true\" data-tab=\"1\" role=\"tab\" tabindex=\"0\" aria-controls=\"elementor-tab-content-1751\" aria-expanded=\"false\">DETALLES<\/div>\n\t\t\t\t\t\t\t\t\t<div id=\"elementor-tab-title-1752\" class=\"elementor-tab-title elementor-tab-desktop-title\" aria-selected=\"false\" data-tab=\"2\" role=\"tab\" tabindex=\"-1\" aria-controls=\"elementor-tab-content-1752\" aria-expanded=\"false\">VALORACI\u00d3N<\/div>\n\t\t\t\t\t\t\t\t\t<div id=\"elementor-tab-title-1753\" class=\"elementor-tab-title elementor-tab-desktop-title\" aria-selected=\"false\" data-tab=\"3\" role=\"tab\" tabindex=\"-1\" aria-controls=\"elementor-tab-content-1753\" aria-expanded=\"false\">REPRODUCIR EN TV<\/div>\n\t\t\t\t\t\t\t<\/div>\n\t\t\t<div class=\"elementor-tabs-content-wrapper\" role=\"tablist\" aria-orientation=\"vertical\">\n\t\t\t\t\t\t\t\t\t<div class=\"elementor-tab-title elementor-tab-mobile-title\" aria-selected=\"true\" data-tab=\"1\" role=\"tab\" tabindex=\"0\" aria-controls=\"elementor-tab-content-1751\" aria-expanded=\"false\">DETALLES<\/div>\n\t\t\t\t\t<div id=\"elementor-tab-content-1751\" class=\"elementor-tab-content elementor-clearfix\" data-tab=\"1\" role=\"tabpanel\" aria-labelledby=\"elementor-tab-title-1751\" tabindex=\"0\" hidden=\"false\"><p style=\"text-align: left;\"><b>Disfruta del documental como te mereces. Dir\u00edgete al icono de COFIGURACI\u00d3N&nbsp; y elige la calidad m\u00e1s alta (4K).<\/b><br><\/p><p style=\"text-align: left;\"><strong>T\u00edtulo original:<\/strong> Mi Primera Letra<br><strong>G\u00e9neros:<\/strong> Documental, Drama, Aventura<br><strong>Pa\u00eds:<\/strong> Espa\u00f1a<br><strong>Estreno:<\/strong> 21\/05\/2024<br><strong>Audio:<\/strong> Espa\u00f1ol<\/p><\/div>\n\t\t\t\t\t\t\t\t\t<div class=\"elementor-tab-title elementor-tab-mobile-title\" aria-selected=\"false\" data-tab=\"2\" role=\"tab\" tabindex=\"-1\" aria-controls=\"elementor-tab-content-1752\" aria-expanded=\"false\">VALORACI\u00d3N<\/div>\n\t\t\t\t\t<div id=\"elementor-tab-content-1752\" class=\"elementor-tab-content elementor-clearfix\" data-tab=\"2\" role=\"tabpanel\" aria-labelledby=\"elementor-tab-title-1752\" tabindex=\"0\" hidden=\"hidden\"><div class=\"shortcode-site-reviews-form\"><div class=\"glsr glsr-default\" id=\"glsr_wwizjbpt\" data-from=\"shortcode\" data-shortcode=\"site_reviews_form\"><div class=\"glsr-form-wrap\">\n    <form class=\"glsr-form glsr-review-form\" method=\"post\" enctype=\"multipart\/form-data\">\n        <input type=\"hidden\" name=\"site-reviews[_action]\" value=\"submit-review\" \/>\n<input type=\"hidden\" name=\"site-reviews[_nonce]\" value=\"4c62d367a2\" \/>\n<input type=\"hidden\" name=\"site-reviews[_post_id]\" value=\"1360\" \/>\n<input type=\"hidden\" name=\"site-reviews[_referer]\" value=\"\" \/>\n<input type=\"hidden\" name=\"site-reviews[assigned_posts]\" value=\"\" \/>\n<input type=\"hidden\" name=\"site-reviews[assigned_terms]\" value=\"\" \/>\n<input type=\"hidden\" name=\"site-reviews[assigned_users]\" value=\"\" \/>\n<input type=\"hidden\" name=\"site-reviews[excluded]\" value=\"\" \/>\n<input type=\"hidden\" name=\"site-reviews[form_id]\" value=\"glsr_wwizjbpt\" \/>\n<input type=\"hidden\" name=\"site-reviews[form_signature]\" value=\"gkH--kSehsTQrySYECgyK0Q4daHlWg4H96byrwIIcuYDviqm4gEvHC0bUzAHjX6IhsKdIEIGa8uMBFtyhAGTuJkh12nzhV4oJIGV6qCrVsguaM-Zn5zJxo5Eg8M70nu1YCGAT_OAMTRAd2guzsDrWg1AqQYOJwUh_ztlg2hNVCQysbElHUaCEwR0ZRjzUQSuhHVd2-Yqfphwh2HB8OjDTsXSsE4LP-qXIm4lU7BzdyVrhGZCwwrVARGAN8TfjYsTgbh82sa9jj_XyBbDox-AlIsJ-Ea9TfsMSM4ID1mEN3EpsUftosADeQn8jM835qnrsavP0wKzz1pFmTfCABon4pSEog2e7WJYLJ8SUysEmTSZJT-1WKKFVl7-HO0d_BYY0tzIcq8B2MbXWlp-eSC8D-IdlAR6Qpd7RNVQlONbtHpiIcLfQ1eh4P8bjK8\" \/>\n<input type=\"hidden\" name=\"site-reviews[terms_exist]\" value=\"1\" \/>\n<div class=\"glsr-field\" style=\"display:none;\"><label for=\"site-reviews-cb1cc65d-glsr_wwizjbpt\">Tu rese\u00f1a<\/label><input type=\"text\" class=\"glsr-input glsr-input-text\" id=\"site-reviews-cb1cc65d-glsr_wwizjbpt\" name=\"site-reviews[cb1cc65d]\" value=\"\" \/><\/div>\n<div class=\"glsr-field glsr-field-rating glsr-required\" data-field=\"rating\" data-type=\"rating\">\n    <label class=\"glsr-label\" for=\"glsr_wwizjbpt-rating\">\n    <span>Tu puntuaci\u00f3n global<\/span>\n<\/label>\n    <select class=\"browser-default disable-select glsr-select no-wrap no_wrap\" id=\"glsr_wwizjbpt-rating\" name=\"site-reviews[rating]\" required><option value=\"\">Seleccionar una puntuaci\u00f3n<\/option><option value=\"5\">5 estrellas<\/option><option value=\"4\">4 estrellas<\/option><option value=\"3\">3 estrellas<\/option><option value=\"2\">2 estrellas<\/option><option value=\"1\">1 estrella<\/option><\/select>\n    <div class=\"glsr-field-error\"><\/div>\n<\/div>\n<div class=\"glsr-field glsr-field-text glsr-required\" data-field=\"title\" data-type=\"text\">\n    <label class=\"glsr-label\" for=\"glsr_wwizjbpt-title\">\n    <span>T\u00edtulo de tu rese\u00f1a<\/span>\n<\/label>\n    <input type=\"text\" class=\"glsr-input glsr-input-text\" id=\"glsr_wwizjbpt-title\" name=\"site-reviews[title]\" required placeholder=\"Resume tu rese\u00f1a o resalta un detalle interesante\" value=\"\" \/>\n    <div class=\"glsr-field-error\"><\/div>\n<\/div>\n<div class=\"glsr-field glsr-field-textarea glsr-required\" data-field=\"content\" data-type=\"textarea\">\n    <label class=\"glsr-label\" for=\"glsr_wwizjbpt-content\">\n    <span>Tu rese\u00f1a<\/span>\n<\/label>\n    <textarea class=\"glsr-textarea\" id=\"glsr_wwizjbpt-content\" name=\"site-reviews[content]\" required placeholder=\"Comparte tu opini\u00f3n\" rows=\"5\"><\/textarea>\n    <div class=\"glsr-field-error\"><\/div>\n<\/div>\n<div class=\"glsr-field glsr-field-text glsr-required\" data-field=\"name\" data-type=\"text\">\n    <label class=\"glsr-label\" for=\"glsr_wwizjbpt-name\">\n    <span>Tu nombre<\/span>\n<\/label>\n    <input type=\"text\" class=\"glsr-input glsr-input-text\" id=\"glsr_wwizjbpt-name\" name=\"site-reviews[name]\" required placeholder=\"Dinos tu nombre\" value=\"\" \/>\n    <div class=\"glsr-field-error\"><\/div>\n<\/div>\n<div class=\"glsr-field glsr-field-email\" data-field=\"email\" data-type=\"email\">\n    <label class=\"glsr-label\" for=\"glsr_wwizjbpt-email\">\n    <span>Tu correo electr\u00f3nico<\/span>\n<\/label>\n    <input type=\"email\" class=\"glsr-input glsr-input-email\" id=\"glsr_wwizjbpt-email\" name=\"site-reviews[email]\" placeholder=\"Dinos tu email\" value=\"\" \/>\n    <div class=\"glsr-field-error\"><\/div>\n<\/div>\n<div class=\"glsr-field glsr-field-choice\" data-field=\"terms\" data-type=\"toggle\">\n    \n    <div class=\"glsr-field-subgroup\">\n        <span class=\"glsr-field-toggle\">\n    <span>\n        <span class=\"glsr-toggle\"><input type=\"checkbox\" class=\"glsr-input-toggle\" id=\"glsr_wwizjbpt-terms-1\" name=\"site-reviews[terms]\" value=\"1\" \/><span class=\"glsr-toggle-track\"><\/span><\/span>\n    <\/span>\n    <label for=\"glsr_wwizjbpt-terms-1\">Esta rese\u00f1a se basa en mi propia experiencia y es mi opini\u00f3n genuina.<\/label>\n<\/span>\n    <\/div>\n    <div class=\"glsr-field-error\"><\/div>\n<\/div>\n        <div class=\"glsr-form-message\">\n    \n<\/div>\n        <div data-field=\"submit-button\">\n    <div class=\"wp-block-buttons is-layout-flex\">\n        <div class=\"wp-block-button\">\n            <button type=\"submit\" class=\"glsr-button wp-block-button__link wp-element-button\" aria-busy=\"false\" data-loading=\"Enviando, por favor espera...\">Enviar una rese\u00f1a<\/button>\n        <\/div>\n    <\/div>\n<\/div><div class=\"glsr-captcha-holder\"><\/div>\n    <\/form>\n<\/div><\/div><\/div><\/div>\n\t\t\t\t\t\t\t\t\t<div class=\"elementor-tab-title elementor-tab-mobile-title\" aria-selected=\"false\" data-tab=\"3\" role=\"tab\" tabindex=\"-1\" aria-controls=\"elementor-tab-content-1753\" aria-expanded=\"false\">REPRODUCIR EN TV<\/div>\n\t\t\t\t\t<div id=\"elementor-tab-content-1753\" class=\"elementor-tab-content elementor-clearfix\" data-tab=\"3\" role=\"tabpanel\" aria-labelledby=\"elementor-tab-title-1753\" tabindex=\"0\" hidden=\"hidden\"><h1 title=\"\u00bfC\u00f3mo puedo transmitir videos a trav\u00e9s de AirPlay o Chromecast?\">\u00bfC\u00f3mo puedo transmitir videos a trav\u00e9s de AirPlay o Chromecast?<\/h1>\n<p>Puedes transmitir videos a tu TV o dispositivo de TV equipado con Apple AirPlay o Google Chromecast mediante la aplicaci\u00f3n de Vimeo para iPhone, iPad o dispositivos m\u00f3viles Android.<\/p>\n<p>En este art\u00edculo, aprender\u00e1s a transmitir videos con:&nbsp;<\/p>\n<ul>\n<li><strong><a href=\"https:\/\/help.vimeo.com\/hc\/es\/articles\/12425990881041--C%C3%B3mo-puedo-transmitir-videos-a-trav%C3%A9s-de-AirPlay-o-Chromecast#h_01GFY8CJR8H1W9BVT2KG7D759J\" target=\"_self\">Apple AirPlay<\/a><\/strong><\/li>\n<li><strong><a href=\"https:\/\/help.vimeo.com\/hc\/es\/articles\/12425990881041--C%C3%B3mo-puedo-transmitir-videos-a-trav%C3%A9s-de-AirPlay-o-Chromecast#h_01FRK98VJ6GTPXTDH2RD6HHD0D\" target=\"_self\">Google Chromecast&nbsp;<\/a><\/strong><\/li>\n<\/ul>\n<h3>AirPlay<\/h3>\n<p>Para reproducir un video en un Apple TV u otro dispositivo compatible con AirPlay mediante la aplicaci\u00f3n Vimeo para iOS, inicia la reproducci\u00f3n de un video dentro de la aplicaci\u00f3n iOS, toca el icono AirPlay y selecciona el dispositivo en el que deseas reproducir el video.<\/p>\n<p><img fetchpriority=\"high\" decoding=\"async\" src=\"https:\/\/vimeosupport.zendesk.com\/hc\/article_attachments\/12433747960209\/image13.jpg\" alt=\"image13.jpg\" width=\"303\" height=\"340\"><\/p>\n<p>Los espectadores tambi\u00e9n pueden ver los videos de AirPlay desde el navegador Safari en MacOS, iOS e iPadOS. Para ello, toca el icono de AirPlay en el reproductor de Vimeo y selecciona tu dispositivo preferido.<\/p>\n<p>Encontrar\u00e1s m\u00e1s informaci\u00f3n sobre Apple AirPlay en los documentos de asistencia de Apple en&nbsp;<span style=\"color: #999999;\"><strong><a style=\"color: #999999;\" href=\"https:\/\/support.apple.com\/en-us\/HT204289#iOS\" target=\"_blank\" rel=\"noopener\">Utiliza AirPlay para transmitir videos o duplicar la pantalla<\/a>.&nbsp;<\/strong><\/span><\/p>\n<h3>Chromecast<\/h3>\n<p>Para transmitir un video a un dispositivo Google Chromecast o a un dispositivo con Chromecast incorporado,&nbsp; <b><a href=\"https:\/\/vimeo.com\/mouletv\/miprimeraletra?share=copy\">CLIC AQU\u00cd<\/a>&nbsp;<\/b>&nbsp;o copia el siguiente enlace: https:\/\/vimeo.com\/mouletv\/miprimeraletra?share=copy y empieza a reproducir un video en la aplicaci\u00f3n m\u00f3vil iOS o Android, toca el \u00edcono de Chromecast y selecciona tu dispositivo preferido.<\/p>\n<p><br><\/p>\n<p><img decoding=\"async\" src=\"https:\/\/vimeosupport.zendesk.com\/hc\/article_attachments\/12433716931601\/image1.jpg\" alt=\"image1.jpg\" width=\"325\" height=\"365\"><\/p>\n<p>Actualmente, no admitimos la transmisi\u00f3n de videos desde el navegador web Chrome.<\/p>\n<p>Puedes encontrar m\u00e1s informaci\u00f3n sobre Google Chromecast en Google en&nbsp;<strong><a href=\"https:\/\/www.google.com\/chromecast\/built-in\/learn\/tv\/\" target=\"_blank\" rel=\"noopener\">Aprende a transmitir a tu TV<\/a><\/strong>.&nbsp;<\/p>\n<p><strong data-stringify-type=\"bold\">\u26a0\ufe0fNota<\/strong>: La configuraci\u00f3n predeterminada de Chromecast experimentar\u00e1 dificultades para reproducir listas de reproducci\u00f3n HLS en algunos dispositivos. Como alternativa, utiliza en su lugar la URL de la lista de reproducci\u00f3n A\/V DASH MPD.<\/p><\/div>\n\t\t\t\t\t\t\t<\/div>\n\t\t<\/div>\n\t\t\t\t\t\t<\/div>\n\t\t\t\t<\/div>\n\t\t\t\t\t<\/div>\n\t\t\t\t<\/div>\n\t\t\t\t<\/div>\n\t\t","protected":false},"excerpt":{"rendered":"<p>DETALLES VALORACI\u00d3N REPRODUCIR EN TV DETALLES Disfruta del documental como te mereces. Dir\u00edgete al icono de COFIGURACI\u00d3N&nbsp; y elige la calidad m\u00e1s alta (4K). T\u00edtulo original: Mi Primera LetraG\u00e9neros: Documental, Drama, AventuraPa\u00eds: Espa\u00f1aEstreno: 21\/05\/2024Audio: Espa\u00f1ol VALORACI\u00d3N Tu rese\u00f1a Tu puntuaci\u00f3n global Seleccionar una puntuaci\u00f3n5 estrellas4 estrellas3 estrellas2 estrellas1 estrella T\u00edtulo de tu rese\u00f1a Tu rese\u00f1a &#8230; <a title=\"Mi Primera Letra\" class=\"read-more\" href=\"https:\/\/miprimeraletra.com\/?page_id=1360\" aria-label=\"Leer m\u00e1s sobre Mi Primera Letra\">Leer m\u00e1s<\/a><\/p>\n","protected":false},"author":2,"featured_media":0,"parent":0,"menu_order":0,"comment_status":"closed","ping_status":"closed","template":"elementor_header_footer","meta":{"_glsr_average":0,"_glsr_ranking":0,"_glsr_reviews":0,"footnotes":""},"class_list":["post-1360","page","type-page","status-publish"],"_links":{"self":[{"href":"https:\/\/miprimeraletra.com\/index.php?rest_route=\/wp\/v2\/pages\/1360","targetHints":{"allow":["GET"]}}],"collection":[{"href":"https:\/\/miprimeraletra.com\/index.php?rest_route=\/wp\/v2\/pages"}],"about":[{"href":"https:\/\/miprimeraletra.com\/index.php?rest_route=\/wp\/v2\/types\/page"}],"author":[{"embeddable":true,"href":"https:\/\/miprimeraletra.com\/index.php?rest_route=\/wp\/v2\/users\/2"}],"replies":[{"embeddable":true,"href":"https:\/\/miprimeraletra.com\/index.php?rest_route=%2Fwp%2Fv2%2Fcomments&post=1360"}],"version-history":[{"count":14,"href":"https:\/\/miprimeraletra.com\/index.php?rest_route=\/wp\/v2\/pages\/1360\/revisions"}],"predecessor-version":[{"id":1574,"href":"https:\/\/miprimeraletra.com\/index.php?rest_route=\/wp\/v2\/pages\/1360\/revisions\/1574"}],"wp:attachment":[{"href":"https:\/\/miprimeraletra.com\/index.php?rest_route=%2Fwp%2Fv2%2Fmedia&parent=1360"}],"curies":[{"name":"wp","href":"https:\/\/api.w.org\/{rel}","templated":true}]}}