{"id":1313,"date":"2024-05-13T17:34:07","date_gmt":"2024-05-13T15:34:07","guid":{"rendered":"https:\/\/miprimeraletra.com\/?page_id=1313"},"modified":"2024-05-13T17:38:41","modified_gmt":"2024-05-13T15:38:41","slug":"politica-de-coockies","status":"publish","type":"page","link":"https:\/\/miprimeraletra.com\/?page_id=1313","title":{"rendered":"POL\u00cdTICA DE COOCKIES"},"content":{"rendered":"\t\t<div data-elementor-type=\"wp-page\" data-elementor-id=\"1313\" class=\"elementor elementor-1313\" data-elementor-post-type=\"page\">\n\t\t\t\t<div class=\"elementor-element elementor-element-f294378 e-flex e-con-boxed e-con e-parent\" data-id=\"f294378\" data-element_type=\"container\" data-e-type=\"container\">\n\t\t\t\t\t<div class=\"e-con-inner\">\n\t\t\t\t<div class=\"elementor-element elementor-element-b3c692f elementor-widget elementor-widget-spacer\" data-id=\"b3c692f\" data-element_type=\"widget\" data-e-type=\"widget\" data-widget_type=\"spacer.default\">\n\t\t\t\t<div class=\"elementor-widget-container\">\n\t\t\t\t\t\t\t<div class=\"elementor-spacer\">\n\t\t\t<div class=\"elementor-spacer-inner\"><\/div>\n\t\t<\/div>\n\t\t\t\t\t\t<\/div>\n\t\t\t\t<\/div>\n\t\t\t\t\t<\/div>\n\t\t\t\t<\/div>\n\t\t<div class=\"elementor-element elementor-element-30616b9 e-flex e-con-boxed e-con e-parent\" data-id=\"30616b9\" data-element_type=\"container\" data-e-type=\"container\">\n\t\t\t\t\t<div class=\"e-con-inner\">\n\t\t\t\t<div class=\"elementor-element elementor-element-4ea924e elementor-widget elementor-widget-heading\" data-id=\"4ea924e\" data-element_type=\"widget\" data-e-type=\"widget\" data-widget_type=\"heading.default\">\n\t\t\t\t<div class=\"elementor-widget-container\">\n\t\t\t\t\t<h2 class=\"elementor-heading-title elementor-size-default\">POL\u00cdTICA DE COOKIES<\/h2>\t\t\t\t<\/div>\n\t\t\t\t<\/div>\n\t\t\t\t\t<\/div>\n\t\t\t\t<\/div>\n\t\t<div class=\"elementor-element elementor-element-fa180b4 e-flex e-con-boxed e-con e-parent\" data-id=\"fa180b4\" data-element_type=\"container\" data-e-type=\"container\">\n\t\t\t\t\t<div class=\"e-con-inner\">\n\t\t\t\t<div class=\"elementor-element elementor-element-0a2e166 elementor-widget elementor-widget-text-editor\" data-id=\"0a2e166\" data-element_type=\"widget\" data-e-type=\"widget\" data-widget_type=\"text-editor.default\">\n\t\t\t\t<div class=\"elementor-widget-container\">\n\t\t\t\t\t\t\t\t\t<p><strong>Sobre las cookies<\/strong><\/p><p>Como prestadores de servicios, en Mi Primera Letra somos conscientes de que debemos cumplir las disposiciones de la Ley 34\/2002, de 11 de julio, de Servicios de la Sociedad de la Informaci\u00f3n y del Comercio Electr\u00f3nico (LSSI-CE). Por ello, cumpliendo con lo dispuesto en el art\u00edculo 22.2 de la misma, y con el Reglamento (UE) 2016\/679, de 27 de abril (RGPD), ofrecemos la informaci\u00f3n relativa al uso y tratamiento de dispositivos de almacenamiento y recuperaci\u00f3n de datos en los terminales de los usuarios, que se denominan de forma com\u00fan como cookies, por parte de los titulares de Mi Primer Letra.\u00a0<\/p><p><strong>\u00bfQu\u00e9 son las cookies?<\/strong><\/p><p>Las cookies son peque\u00f1os ficheros de texto o herramientas que los sitios web instalan en tu dispositivo con diversas finalidades, fundamentalmente, recoger datos de tu navegaci\u00f3n por el propio sitio web, recordar sus preferencias para optimizar futuras visitas o para ofrecer un contenido m\u00e1s adecuado a las mismas, y otras similares.<br \/>En ning\u00fan caso, en Mi Primera Letra utilizaremos cookies que nos permitan identificarte de forma directa ni recopilar informaci\u00f3n sensible sobre ti.\u00a0<\/p><p><strong>Clasificaci\u00f3n de las cookies<\/strong><\/p><p>Las cookies pueden clasificarse a partir de diversos criterios:<br \/>\u2013 Por su titularidad, pueden ser propias o de terceros. Mi Primera Letra no utiliza cookies propias.<br \/>\u2013 Por su duraci\u00f3n, pueden ser de sesi\u00f3n o persistentes.<br \/>\u2013 Por su finalidad, pueden ser t\u00e9cnicas o necesarias, de personalizaci\u00f3n, de an\u00e1lisis o de publicidad comportamental.<\/p><p><strong>\u00bfQu\u00e9 cookies utilizamos en Mi Primera Letra?<\/strong><\/p><p>\u2013 P\u00edxel de Facebook: pincha en este enlace para tener m\u00e1s informaci\u00f3n sobre esta<br \/>herramienta https:\/\/www.facebook.com\/business\/help\/471978536642445?id=1205376682832142<\/p><p>\u2013 Google Analytics: estas cookies nos permiten conocer datos sobre tu navegaci\u00f3n por nuestro sitio web para optimizar la misma, personalizar sus opciones y ofrecerte un<br \/>mejor servicio y una mejor experiencia. En todo caso, pincha en este enlace para saber qu\u00e9 datos concretos recaban las cookies de Google Analytics https:\/\/support.google.com\/analytics\/answer\/6004245?hl=es<\/p><p>\u2013 Mailchimp: solo si nos has prestado tu consentimiento a recibir comunicaciones<br \/>comerciales en alguno de los puntos de nuestra p\u00e1gina web, Mailchimp instalar\u00e1 una<br \/>cookie que nos permitir\u00e1 \u00fanicamente conocer la recepci\u00f3n por tu parte de los correos<br \/>electr\u00f3nicos que contienen esa comunicaci\u00f3n comercial y tu comportamiento con<br \/>respecto a los mismos (si los abres, si pinchas en alg\u00fan enlace que lleven incorporado,\u2026) con la \u00fanica finalidad de elaborar estad\u00edsticas y optimizar nuestros env\u00edos y procesos comerciales.<\/p><p><strong>Deshabilitar las cookies\u00a0<\/strong><\/p><p>Todos los navegadores incluyen la opci\u00f3n de deshabilitar y eliminar las cookies que los sitios web pueden instalar en tus dispositivos. En Mi Primera Letra, ponemos a tu disposici\u00f3n el enlace a la informaci\u00f3n que ofrecen los navegadores m\u00e1s habituales:<\/p><p>\u2013 Internet Explorer: https:\/\/support.microsoft.com\/es-es\/help\/17442\/windows-internet-<br \/>explorer-delete-manage-cookies<\/p><p>\u2013 Mozilla Firefox: https:\/\/support.mozilla.org\/es\/kb\/cookies-informacion-que-los-sitios-<br \/>web-guardan-en-?redirectlocale=en-US&amp;redirectslug=Cookies<\/p><p>\u2013 Google Chrome: https:\/\/support.google.com\/chrome\/answer\/95647?hl=es&amp;hlrm=en<br \/>\u2013 Safari: https:\/\/support.apple.com\/es-es\/guide\/safari\/sfri11471\/mac<\/p><p><strong>Aceptaci\u00f3n de las cookies<\/strong><strong><br \/><\/strong><\/p><p>Si contin\u00faas navegando por nuestra p\u00e1gina web, entenderemos que aceptas la utilizaci\u00f3n de las cookies sobre la que te hemos informado.<\/p><p>Tenemos que advertirte adem\u00e1s de que, si decides bloquear o no aceptar la instalaci\u00f3n de alguna o algunas de las cookies, es posible que algunos servicios o funcionalidades de nuestra p\u00e1gina web no est\u00e9n a tu disposici\u00f3n.<br \/>Por \u00faltimo, desde Mi Primera Letra te facilitamos el acceso a la gu\u00eda sobre el uso de las cookies que ha elaborado la Agencia Espa\u00f1ola de Protecci\u00f3n de Datos:<br \/>https:\/\/www.aepd.es\/sites\/default\/files\/2019-12\/guia-cookies_1.pdf<\/p>\t\t\t\t\t\t\t\t<\/div>\n\t\t\t\t<\/div>\n\t\t\t\t\t<\/div>\n\t\t\t\t<\/div>\n\t\t\t\t<\/div>\n\t\t","protected":false},"excerpt":{"rendered":"<p>POL\u00cdTICA DE COOKIES Sobre las cookies Como prestadores de servicios, en Mi Primera Letra somos conscientes de que debemos cumplir las disposiciones de la Ley 34\/2002, de 11 de julio, de Servicios de la Sociedad de la Informaci\u00f3n y del Comercio Electr\u00f3nico (LSSI-CE). Por ello, cumpliendo con lo dispuesto en el art\u00edculo 22.2 de la &#8230; <a title=\"POL\u00cdTICA DE COOCKIES\" class=\"read-more\" href=\"https:\/\/miprimeraletra.com\/?page_id=1313\" aria-label=\"Leer m\u00e1s sobre POL\u00cdTICA DE COOCKIES\">Leer m\u00e1s<\/a><\/p>\n","protected":false},"author":2,"featured_media":0,"parent":0,"menu_order":0,"comment_status":"closed","ping_status":"closed","template":"elementor_header_footer","meta":{"_glsr_average":0,"_glsr_ranking":0,"_glsr_reviews":0,"footnotes":""},"class_list":["post-1313","page","type-page","status-publish"],"_links":{"self":[{"href":"https:\/\/miprimeraletra.com\/index.php?rest_route=\/wp\/v2\/pages\/1313","targetHints":{"allow":["GET"]}}],"collection":[{"href":"https:\/\/miprimeraletra.com\/index.php?rest_route=\/wp\/v2\/pages"}],"about":[{"href":"https:\/\/miprimeraletra.com\/index.php?rest_route=\/wp\/v2\/types\/page"}],"author":[{"embeddable":true,"href":"https:\/\/miprimeraletra.com\/index.php?rest_route=\/wp\/v2\/users\/2"}],"replies":[{"embeddable":true,"href":"https:\/\/miprimeraletra.com\/index.php?rest_route=%2Fwp%2Fv2%2Fcomments&post=1313"}],"version-history":[{"count":7,"href":"https:\/\/miprimeraletra.com\/index.php?rest_route=\/wp\/v2\/pages\/1313\/revisions"}],"predecessor-version":[{"id":1320,"href":"https:\/\/miprimeraletra.com\/index.php?rest_route=\/wp\/v2\/pages\/1313\/revisions\/1320"}],"wp:attachment":[{"href":"https:\/\/miprimeraletra.com\/index.php?rest_route=%2Fwp%2Fv2%2Fmedia&parent=1313"}],"curies":[{"name":"wp","href":"https:\/\/api.w.org\/{rel}","templated":true}]}}